{"id":33,"date":"2017-01-02T15:30:16","date_gmt":"2017-01-02T13:30:16","guid":{"rendered":"https:\/\/www.rehaweb.net\/hizmetler\/?page_id=33"},"modified":"2017-01-03T13:56:27","modified_gmt":"2017-01-03T11:56:27","slug":"ana-sayfa","status":"publish","type":"page","link":"https:\/\/www.rehaweb.net\/hizmetler\/","title":{"rendered":"Ana Sayfa"},"content":{"rendered":"<h3 style=\"text-align: center;\"><\/h3>\n<h3 style=\"text-align: center;\"><a href=\"https:\/\/www.rehaweb.net\/hizmetler\/online-odeme\/\"><strong>Online \u00d6deme Sayfas\u0131 \u0130\u00e7in T\u0131klay\u0131n<\/strong><\/a><\/h3>\n<p>&nbsp;<\/p>\n<p>&nbsp;<\/p>\n<p>&nbsp;<\/p>\n<p>&nbsp;<\/p>\n<p>&nbsp;<\/p>\n<p>&nbsp;<\/p>\n<p>&nbsp;<\/p>\n","protected":false},"excerpt":{"rendered":"<p>Online \u00d6deme Sayfas\u0131 \u0130\u00e7in T\u0131klay\u0131n &nbsp; &nbsp; &nbsp; &nbsp; &nbsp; &nbsp; &nbsp;<\/p>\n","protected":false},"author":1,"featured_media":0,"parent":0,"menu_order":0,"comment_status":"closed","ping_status":"closed","template":"","meta":{"footnotes":""},"_links":{"self":[{"href":"https:\/\/www.rehaweb.net\/hizmetler\/wp-json\/wp\/v2\/pages\/33"}],"collection":[{"href":"https:\/\/www.rehaweb.net\/hizmetler\/wp-json\/wp\/v2\/pages"}],"about":[{"href":"https:\/\/www.rehaweb.net\/hizmetler\/wp-json\/wp\/v2\/types\/page"}],"author":[{"embeddable":true,"href":"https:\/\/www.rehaweb.net\/hizmetler\/wp-json\/wp\/v2\/users\/1"}],"replies":[{"embeddable":true,"href":"https:\/\/www.rehaweb.net\/hizmetler\/wp-json\/wp\/v2\/comments?post=33"}],"version-history":[{"count":4,"href":"https:\/\/www.rehaweb.net\/hizmetler\/wp-json\/wp\/v2\/pages\/33\/revisions"}],"predecessor-version":[{"id":59,"href":"https:\/\/www.rehaweb.net\/hizmetler\/wp-json\/wp\/v2\/pages\/33\/revisions\/59"}],"wp:attachment":[{"href":"https:\/\/www.rehaweb.net\/hizmetler\/wp-json\/wp\/v2\/media?parent=33"}],"curies":[{"name":"wp","href":"https:\/\/api.w.org\/{rel}","templated":true}]}}